{"id":20,"date":"2017-08-23T15:13:12","date_gmt":"2017-08-23T13:13:12","guid":{"rendered":"http:\/\/www.nauwieser19.de\/?page_id=20"},"modified":"2023-02-27T12:07:15","modified_gmt":"2023-02-27T11:07:15","slug":"kontakt","status":"publish","type":"page","link":"http:\/\/www.nauwieser19.de\/index.php\/kontakt\/","title":{"rendered":"Kontakt"},"content":{"rendered":"<p><img decoding=\"async\" loading=\"lazy\" class=\"size-full wp-image-80 alignleft\" src=\"http:\/\/www.nauwieser19.de\/nnwp472\/wp-content\/uploads\/2017\/09\/N19-logo_klein.png\" alt=\"\" width=\"128\" height=\"128\" \/>N.N. Nauwieser Neunzehn<br \/>\nNauwieser Stra\u00dfe 19<br \/>\n66111 Saarbr\u00fccken<br \/>\nTel: +49 (0)681 36049<br \/>\ninfo@nauwieser19.de<\/p>\n<p>Sie finden uns im sch\u00f6nen Nauwieser Viertel in der Nauwieserstrasse 19<\/p>\n<p><iframe loading=\"lazy\" style=\"border: 0;\" src=\"https:\/\/www.google.com\/maps\/embed?pb=!1m18!1m12!1m3!1d2605.1330250460387!2d6.998620415909597!3d49.2359670820001!2m3!1f0!2f0!3f0!3m2!1i1024!2i768!4f13.1!3m3!1m2!1s0x4795b6a73884abcb%3A0x53ba0e90dccae948!2sNauwieserstra%C3%9Fe+19%2C+66111+Saarbr%C3%BCcken!5e0!3m2!1sde!2sde!4v1504604702598\" width=\"600\" height=\"450\" frameborder=\"0\" allowfullscreen=\"allowfullscreen\"><\/iframe><\/p>\n","protected":false},"excerpt":{"rendered":"<p>N.N. Nauwieser Neunzehn Nauwieser Stra\u00dfe 19 66111 Saarbr\u00fccken Tel: +49 (0)681 36049 info@nauwieser19.de Sie finden uns im sch\u00f6nen Nauwieser Viertel in der Nauwieserstrasse 19<\/p>\n","protected":false},"author":2,"featured_media":0,"parent":0,"menu_order":0,"comment_status":"closed","ping_status":"closed","template":"","meta":[],"publishpress_future_action":{"enabled":false,"date":"1970-01-01 01:00:00","action":"","terms":[],"taxonomy":"","browser_timezone_offset":0},"_links":{"self":[{"href":"http:\/\/www.nauwieser19.de\/index.php\/wp-json\/wp\/v2\/pages\/20"}],"collection":[{"href":"http:\/\/www.nauwieser19.de\/index.php\/wp-json\/wp\/v2\/pages"}],"about":[{"href":"http:\/\/www.nauwieser19.de\/index.php\/wp-json\/wp\/v2\/types\/page"}],"author":[{"embeddable":true,"href":"http:\/\/www.nauwieser19.de\/index.php\/wp-json\/wp\/v2\/users\/2"}],"replies":[{"embeddable":true,"href":"http:\/\/www.nauwieser19.de\/index.php\/wp-json\/wp\/v2\/comments?post=20"}],"version-history":[{"count":7,"href":"http:\/\/www.nauwieser19.de\/index.php\/wp-json\/wp\/v2\/pages\/20\/revisions"}],"predecessor-version":[{"id":929,"href":"http:\/\/www.nauwieser19.de\/index.php\/wp-json\/wp\/v2\/pages\/20\/revisions\/929"}],"wp:attachment":[{"href":"http:\/\/www.nauwieser19.de\/index.php\/wp-json\/wp\/v2\/media?parent=20"}],"curies":[{"name":"wp","href":"https:\/\/api.w.org\/{rel}","templated":true}]}}