{"id":601,"date":"2021-03-11T09:50:33","date_gmt":"2021-03-11T08:50:33","guid":{"rendered":"http:\/\/www.nauwieser19.de\/?page_id=601"},"modified":"2025-05-15T11:22:32","modified_gmt":"2025-05-15T09:22:32","slug":"mieten","status":"publish","type":"page","link":"http:\/\/www.nauwieser19.de\/index.php\/mieten\/","title":{"rendered":"Mieten"},"content":{"rendered":"<p><strong>Veranstaltungsraum N.N. <\/strong><\/p>\n<p><a href=\"http:\/\/www.nauwieser19.de\/nnwp472\/wp-content\/uploads\/2025\/04\/IMG_3874.jpg\"><img decoding=\"async\" loading=\"lazy\" class=\"alignnone wp-image-1323\" src=\"http:\/\/www.nauwieser19.de\/nnwp472\/wp-content\/uploads\/2025\/04\/IMG_3874-300x225.jpg\" alt=\"\" width=\"434\" height=\"326\" srcset=\"http:\/\/www.nauwieser19.de\/nnwp472\/wp-content\/uploads\/2025\/04\/IMG_3874-300x225.jpg 300w, http:\/\/www.nauwieser19.de\/nnwp472\/wp-content\/uploads\/2025\/04\/IMG_3874-1024x768.jpg 1024w, http:\/\/www.nauwieser19.de\/nnwp472\/wp-content\/uploads\/2025\/04\/IMG_3874-768x576.jpg 768w, http:\/\/www.nauwieser19.de\/nnwp472\/wp-content\/uploads\/2025\/04\/IMG_3874-1536x1152.jpg 1536w, http:\/\/www.nauwieser19.de\/nnwp472\/wp-content\/uploads\/2025\/04\/IMG_3874.jpg 2016w\" sizes=\"(max-width: 434px) 100vw, 434px\" \/><\/a><\/p>\n<p><a href=\"http:\/\/www.nauwieser19.de\/nnwp472\/wp-content\/uploads\/2023\/03\/P1060853.jpg\"><img decoding=\"async\" loading=\"lazy\" class=\"alignnone wp-image-946\" src=\"http:\/\/www.nauwieser19.de\/nnwp472\/wp-content\/uploads\/2023\/03\/P1060853-300x225.jpg\" alt=\"\" width=\"295\" height=\"222\" srcset=\"http:\/\/www.nauwieser19.de\/nnwp472\/wp-content\/uploads\/2023\/03\/P1060853-300x225.jpg 300w, http:\/\/www.nauwieser19.de\/nnwp472\/wp-content\/uploads\/2023\/03\/P1060853-1024x768.jpg 1024w, http:\/\/www.nauwieser19.de\/nnwp472\/wp-content\/uploads\/2023\/03\/P1060853-768x576.jpg 768w, http:\/\/www.nauwieser19.de\/nnwp472\/wp-content\/uploads\/2023\/03\/P1060853-1536x1152.jpg 1536w, http:\/\/www.nauwieser19.de\/nnwp472\/wp-content\/uploads\/2023\/03\/P1060853.jpg 2048w\" sizes=\"(max-width: 295px) 100vw, 295px\" \/><\/a><a href=\"http:\/\/www.nauwieser19.de\/nnwp472\/wp-content\/uploads\/2025\/04\/IMG_0561-scaled.jpg\"><img decoding=\"async\" loading=\"lazy\" class=\"alignnone wp-image-1321\" src=\"http:\/\/www.nauwieser19.de\/nnwp472\/wp-content\/uploads\/2025\/04\/IMG_0561-191x300.jpg\" alt=\"\" width=\"140\" height=\"220\" srcset=\"http:\/\/www.nauwieser19.de\/nnwp472\/wp-content\/uploads\/2025\/04\/IMG_0561-191x300.jpg 191w, http:\/\/www.nauwieser19.de\/nnwp472\/wp-content\/uploads\/2025\/04\/IMG_0561-651x1024.jpg 651w, http:\/\/www.nauwieser19.de\/nnwp472\/wp-content\/uploads\/2025\/04\/IMG_0561-768x1209.jpg 768w, http:\/\/www.nauwieser19.de\/nnwp472\/wp-content\/uploads\/2025\/04\/IMG_0561-976x1536.jpg 976w, http:\/\/www.nauwieser19.de\/nnwp472\/wp-content\/uploads\/2025\/04\/IMG_0561-1301x2048.jpg 1301w, http:\/\/www.nauwieser19.de\/nnwp472\/wp-content\/uploads\/2025\/04\/IMG_0561-scaled.jpg 1627w\" sizes=\"(max-width: 140px) 100vw, 140px\" \/><\/a><\/p>\n<p><a href=\"http:\/\/www.nauwieser19.de\/nnwp472\/wp-content\/uploads\/2017\/09\/IMG_2102.jpg\" target=\"_blank\" rel=\"noopener noreferrer\"><img decoding=\"async\" loading=\"lazy\" class=\"alignnone wp-image-73\" src=\"http:\/\/www.nauwieser19.de\/nnwp472\/wp-content\/uploads\/2017\/09\/IMG_2102.jpg\" alt=\"\" width=\"230\" height=\"153\" \/><\/a><a href=\"http:\/\/www.nauwieser19.de\/nnwp472\/wp-content\/uploads\/2025\/04\/IMG_3872.jpg\"><img decoding=\"async\" loading=\"lazy\" class=\"alignnone wp-image-1322\" src=\"http:\/\/www.nauwieser19.de\/nnwp472\/wp-content\/uploads\/2025\/04\/IMG_3872-300x225.jpg\" alt=\"\" width=\"205\" height=\"154\" srcset=\"http:\/\/www.nauwieser19.de\/nnwp472\/wp-content\/uploads\/2025\/04\/IMG_3872-300x225.jpg 300w, http:\/\/www.nauwieser19.de\/nnwp472\/wp-content\/uploads\/2025\/04\/IMG_3872-1024x768.jpg 1024w, http:\/\/www.nauwieser19.de\/nnwp472\/wp-content\/uploads\/2025\/04\/IMG_3872-768x576.jpg 768w, http:\/\/www.nauwieser19.de\/nnwp472\/wp-content\/uploads\/2025\/04\/IMG_3872-1536x1152.jpg 1536w, http:\/\/www.nauwieser19.de\/nnwp472\/wp-content\/uploads\/2025\/04\/IMG_3872.jpg 2016w\" sizes=\"(max-width: 205px) 100vw, 205px\" \/><\/a><\/p>\n<p>N.N. Nauwieser 19 ist ein offener Raum der Begegnung im Nauwieser Viertel mit gro\u00dfer Schaufensterfront zur Nauwieserstra\u00dfe. Das ca. 90 m\u00b2 gro\u00dfe ehemalige Ladenlokal\u00a0 kann gemietet werden f\u00fcr Ausstellungen, Lesungen, Vortr\u00e4ge, Seminare, kleine Konzerte, Familienfeiern und vieles mehr.<\/p>\n<p>F\u00fcr Partys steht der Raum nicht zur Verf\u00fcgung. Ab 22 Uhr muss im N.N. Zimmerlautst\u00e4rke eingehalten werden.<\/p>\n<p>Ausstattung: Eichenparkett, K\u00fcchenzeile, Gl\u00e4ser \/ Geschirr \/ Besteck f\u00fcr 30 Personen, Galerie-Schienensystem, 15 Tische, 50 St\u00fchle, Flipchart, Beamer, Musikanlage, Toilette (zus\u00e4tzliche barrierefreie Toilette im Innenhof).<br \/>\nDer Raum ist bedingt rollstuhlgerecht.<\/p>\n<p><strong>***\u00a0\u00a0 <\/strong>Bitte die \u00a0<strong><a href=\"http:\/\/www.nauwieser19.de\/nnwp472\/wp-content\/uploads\/2025\/02\/Raumordnung-NN-NEU-2024-09-11.pdf\" target=\"_blank\" rel=\"noopener\">Raumordnung N.N.<\/a>\u00a0 <\/strong>lesen<strong> \u00a0 ***<\/strong><\/p>\n<p><a href=\"http:\/\/www.nauwieser19.de\/nnwp472\/wp-content\/uploads\/2025\/04\/N.N.-Mietpreise-ab-21.01.2025.png\"><img decoding=\"async\" loading=\"lazy\" class=\"alignnone wp-image-1316\" src=\"http:\/\/www.nauwieser19.de\/nnwp472\/wp-content\/uploads\/2025\/04\/N.N.-Mietpreise-ab-21.01.2025-300x189.png\" alt=\"\" width=\"586\" height=\"369\" srcset=\"http:\/\/www.nauwieser19.de\/nnwp472\/wp-content\/uploads\/2025\/04\/N.N.-Mietpreise-ab-21.01.2025-300x189.png 300w, http:\/\/www.nauwieser19.de\/nnwp472\/wp-content\/uploads\/2025\/04\/N.N.-Mietpreise-ab-21.01.2025.png 469w\" sizes=\"(max-width: 586px) 100vw, 586px\" \/><\/a><\/p>\n<p><strong>Kontakt:<\/strong><br \/>\nmiete@nauwieser19.de<br \/>\nTelefon: 0681 360 49<\/p>\n<p>&nbsp;<\/p>\n<p><strong>Versammlungsraum<\/strong><\/p>\n<p><img decoding=\"async\" loading=\"lazy\" class=\"alignnone wp-image-74\" src=\"http:\/\/www.nauwieser19.de\/nnwp472\/wp-content\/uploads\/2017\/09\/vr2.jpg\" alt=\"\" width=\"581\" height=\"436\" \/><\/p>\n<p>Der Versammlungsraum kann stunden- oder tageweise gemietet werden. Der 45 m\u00b2 gro\u00dfe Raum im Hintergeb\u00e4ude (erste Etage) des Kultur- und Werkhofs ist geeignet f\u00fcr Seminare, Schulungen, Mitgliederversammlungen und vieles mehr.<br \/>\nAusstattung: Korkbodenbelag, Tische, Bestuhlung, Flipchart, Pinnwand, Tafel, Beamer, Musikanlage.<\/p>\n<p><strong>***\u00a0\u00a0 Bitte die\u00a0 <a href=\"http:\/\/www.nauwieser19.de\/nnwp472\/wp-content\/uploads\/2025\/02\/Raumordnung-VR-NEU-2024-07-29.pdf\" target=\"_blank\" rel=\"noopener\">Raumordnung VR <\/a>\u00a0 lesen\u00a0\u00a0 ***<\/strong><\/p>\n<p><a href=\"http:\/\/www.nauwieser19.de\/nnwp472\/wp-content\/uploads\/2025\/04\/VR-Mietpreise-ab-20.01.2025-NEU.png\"><img decoding=\"async\" loading=\"lazy\" class=\"alignnone wp-image-1317\" src=\"http:\/\/www.nauwieser19.de\/nnwp472\/wp-content\/uploads\/2025\/04\/VR-Mietpreise-ab-20.01.2025-NEU-300x106.png\" alt=\"\" width=\"577\" height=\"204\" srcset=\"http:\/\/www.nauwieser19.de\/nnwp472\/wp-content\/uploads\/2025\/04\/VR-Mietpreise-ab-20.01.2025-NEU-300x106.png 300w, http:\/\/www.nauwieser19.de\/nnwp472\/wp-content\/uploads\/2025\/04\/VR-Mietpreise-ab-20.01.2025-NEU.png 507w\" sizes=\"(max-width: 577px) 100vw, 577px\" \/><\/a><\/p>\n<p><strong>Kontakt:<\/strong><br \/>\nmiete@nauwieser19.de<br \/>\nTelefon: 0681 360 49<\/p>\n<p>&nbsp;<\/p>\n","protected":false},"excerpt":{"rendered":"<p>Veranstaltungsraum N.N. N.N. Nauwieser 19 ist ein offener Raum der Begegnung im Nauwieser Viertel mit gro\u00dfer Schaufensterfront zur Nauwieserstra\u00dfe. Das ca. 90 m\u00b2 gro\u00dfe ehemalige Ladenlokal\u00a0 kann gemietet werden f\u00fcr Ausstellungen, Lesungen, Vortr\u00e4ge, Seminare, kleine Konzerte, Familienfeiern und vieles mehr. F\u00fcr Partys steht der Raum nicht zur Verf\u00fcgung. Ab 22 Uhr muss im N.N. Zimmerlautst\u00e4rke &hellip; <\/p>\n<p class=\"link-more\"><a href=\"http:\/\/www.nauwieser19.de\/index.php\/mieten\/\" class=\"more-link\"><span class=\"screen-reader-text\">\u201eMieten\u201c<\/span> weiterlesen<\/a><\/p>\n","protected":false},"author":1,"featured_media":0,"parent":0,"menu_order":0,"comment_status":"closed","ping_status":"closed","template":"","meta":[],"publishpress_future_action":{"enabled":false,"date":"1970-01-01 01:00:00","action":"","terms":[],"taxonomy":"","browser_timezone_offset":0},"_links":{"self":[{"href":"http:\/\/www.nauwieser19.de\/index.php\/wp-json\/wp\/v2\/pages\/601"}],"collection":[{"href":"http:\/\/www.nauwieser19.de\/index.php\/wp-json\/wp\/v2\/pages"}],"about":[{"href":"http:\/\/www.nauwieser19.de\/index.php\/wp-json\/wp\/v2\/types\/page"}],"author":[{"embeddable":true,"href":"http:\/\/www.nauwieser19.de\/index.php\/wp-json\/wp\/v2\/users\/1"}],"replies":[{"embeddable":true,"href":"http:\/\/www.nauwieser19.de\/index.php\/wp-json\/wp\/v2\/comments?post=601"}],"version-history":[{"count":62,"href":"http:\/\/www.nauwieser19.de\/index.php\/wp-json\/wp\/v2\/pages\/601\/revisions"}],"predecessor-version":[{"id":1337,"href":"http:\/\/www.nauwieser19.de\/index.php\/wp-json\/wp\/v2\/pages\/601\/revisions\/1337"}],"wp:attachment":[{"href":"http:\/\/www.nauwieser19.de\/index.php\/wp-json\/wp\/v2\/media?parent=601"}],"curies":[{"name":"wp","href":"https:\/\/api.w.org\/{rel}","templated":true}]}}