{"id":984,"date":"2023-03-27T12:29:31","date_gmt":"2023-03-27T10:29:31","guid":{"rendered":"http:\/\/www.nauwieser19.de\/?page_id=984"},"modified":"2023-03-27T13:43:33","modified_gmt":"2023-03-27T11:43:33","slug":"der-verein","status":"publish","type":"page","link":"http:\/\/www.nauwieser19.de\/index.php\/der-verein\/","title":{"rendered":"Der Verein"},"content":{"rendered":"<p>Der Kultur- und Werkhof Nauwieser 19 e. V. ist ein Zusammenschluss von derzeit 11 Handwerksbetrieben, Gesch\u00e4ften und sozialen, kulturellen und therapeutischen Einrichtungen. Eigent\u00fcmer der Geb\u00e4ude ist der Verein Nauwieser Neunzehn. Der Verein engagiert sich u. a. im Bereich der Erwachsenenbildung und Stadtteilentwicklung. Durch die Mitgliedschaft im Verein sind die Mieter zugleich ihre eigenen Vermieter. Im w\u00f6chentlich stattfindenden Plenum werden alle Entscheidungen gemeinsam getroffen.<\/p>\n<p><a href=\"http:\/\/www.nauwieser19.de\/nnwp472\/wp-content\/uploads\/2017\/09\/Hof1987_sw1.jpg\"><img decoding=\"async\" loading=\"lazy\" class=\"alignnone size-full wp-image-88\" src=\"http:\/\/www.nauwieser19.de\/nnwp472\/wp-content\/uploads\/2017\/09\/Hof1987_sw1.jpg\" alt=\"\" width=\"600\" height=\"420\" \/><\/a><\/p>\n<p>1988 kaufte der Verein das 1906 erbaute Geb\u00e4ude in der Nauwieserstra\u00dfe.\u00a0 Die Idee zur Gr\u00fcndung eines Kultur- und Werkhofs ging von <a href=\"https:\/\/www.netzwerk-saar-ev.de\/\">Netzwerk Saar e.V.<\/a> aus. In den Folgejahren wurde das Haus renoviert und umgebaut. Im Sommer 1990 fand die offizielle Einweihung statt. Bis heute ist der Kultur- und Werkhof ein dynamischer Ort, der sich stets weiterentwickelt.<\/p>\n<p>Der Kultur- und Werkhof brachte zu Beginn eine <a href=\"http:\/\/www.nauwieser19.de\/nnwp472\/wp-content\/uploads\/2023\/02\/derultimativefuehrer.pdf\" target=\"_blank\" rel=\"noopener\">Brosch\u00fcre<\/a> und eine <a href=\"http:\/\/www.nauwieser19.de\/nnwp472\/wp-content\/uploads\/2023\/02\/Gruendung_NN.pdf\" target=\"_blank\" rel=\"noopener\">Zeitung<\/a> heraus.<\/p>\n<p><a href=\"http:\/\/www.nauwieser19.de\/nnwp472\/wp-content\/uploads\/2017\/09\/Kino_jahr_1999.jpg\"><img decoding=\"async\" loading=\"lazy\" class=\"alignnone size-full wp-image-79\" src=\"http:\/\/www.nauwieser19.de\/nnwp472\/wp-content\/uploads\/2017\/09\/Kino_jahr_1999.jpg\" alt=\"\" width=\"600\" height=\"414\" \/><\/a><\/p>\n","protected":false},"excerpt":{"rendered":"<p>Der Kultur- und Werkhof Nauwieser 19 e. V. ist ein Zusammenschluss von derzeit 11 Handwerksbetrieben, Gesch\u00e4ften und sozialen, kulturellen und therapeutischen Einrichtungen. Eigent\u00fcmer der Geb\u00e4ude ist der Verein Nauwieser Neunzehn. Der Verein engagiert sich u. a. im Bereich der Erwachsenenbildung und Stadtteilentwicklung. Durch die Mitgliedschaft im Verein sind die Mieter zugleich ihre eigenen Vermieter. Im &hellip; <\/p>\n<p class=\"link-more\"><a href=\"http:\/\/www.nauwieser19.de\/index.php\/der-verein\/\" class=\"more-link\"><span class=\"screen-reader-text\">\u201eDer Verein\u201c<\/span> weiterlesen<\/a><\/p>\n","protected":false},"author":1,"featured_media":0,"parent":0,"menu_order":0,"comment_status":"closed","ping_status":"closed","template":"","meta":[],"publishpress_future_action":{"enabled":false,"date":"1970-01-01 01:00:00","action":"","terms":[],"taxonomy":"","browser_timezone_offset":0},"_links":{"self":[{"href":"http:\/\/www.nauwieser19.de\/index.php\/wp-json\/wp\/v2\/pages\/984"}],"collection":[{"href":"http:\/\/www.nauwieser19.de\/index.php\/wp-json\/wp\/v2\/pages"}],"about":[{"href":"http:\/\/www.nauwieser19.de\/index.php\/wp-json\/wp\/v2\/types\/page"}],"author":[{"embeddable":true,"href":"http:\/\/www.nauwieser19.de\/index.php\/wp-json\/wp\/v2\/users\/1"}],"replies":[{"embeddable":true,"href":"http:\/\/www.nauwieser19.de\/index.php\/wp-json\/wp\/v2\/comments?post=984"}],"version-history":[{"count":4,"href":"http:\/\/www.nauwieser19.de\/index.php\/wp-json\/wp\/v2\/pages\/984\/revisions"}],"predecessor-version":[{"id":990,"href":"http:\/\/www.nauwieser19.de\/index.php\/wp-json\/wp\/v2\/pages\/984\/revisions\/990"}],"wp:attachment":[{"href":"http:\/\/www.nauwieser19.de\/index.php\/wp-json\/wp\/v2\/media?parent=984"}],"curies":[{"name":"wp","href":"https:\/\/api.w.org\/{rel}","templated":true}]}}