{"id":14,"date":"2017-08-23T15:11:20","date_gmt":"2017-08-23T13:11:20","guid":{"rendered":"http:\/\/www.nauwieser19.de\/?page_id=14"},"modified":"2026-01-23T16:09:31","modified_gmt":"2026-01-23T15:09:31","slug":"ansaessige-betriebe-und-projekte","status":"publish","type":"page","link":"https:\/\/www.nauwieser19.de\/index.php\/ansaessige-betriebe-und-projekte\/","title":{"rendered":"Ans\u00e4ssige Betriebe und Projekte"},"content":{"rendered":"<p><img decoding=\"async\" loading=\"lazy\" class=\"size-full wp-image-80 alignleft\" src=\"http:\/\/www.nauwieser19.de\/nnwp472\/wp-content\/uploads\/2017\/09\/N19-logo_klein.png\" alt=\"\" width=\"128\" height=\"128\" \/>\u00a0\u00a0\u00a0\u00a0\u00a0\u00a0\u00a0\u00a0\u00a0\u00a0\u00a0\u00a0\u00a0\u00a0\u00a0\u00a0\u00a0\u00a0\u00a0\u00a0\u00a0\u00a0\u00a0\u00a0\u00a0\u00a0\u00a0\u00a0\u00a0\u00a0\u00a0\u00a0 <img decoding=\"async\" loading=\"lazy\" class=\"alignnone wp-image-81\" src=\"http:\/\/www.nauwieser19.de\/nnwp472\/wp-content\/uploads\/2017\/09\/N19Fassade.jpg\" alt=\"\" width=\"240\" height=\"320\" \/><\/p>\n<p>&nbsp;<\/p>\n<p><strong>Aids-Hilfe Saar<\/strong><br \/>\nDie Aids-Hilfe Saar e.V. ber\u00e4t und unterst\u00fctzt Menschen mit HIV\/Aids und anderen sexuell \u00fcbertragbaren Erkrankungen.<br \/>\n<a href=\"https:\/\/www.aidshilfesaar.de\/\">www.aidshilfesaar.de<\/a>, +49 681 311 12<\/p>\n<p><strong>Atelier Tina Stein &#8211; Malerei<\/strong><br \/>\nErwachsene erlernen experimentelles, prozesshaftes, vorwiegend abstraktes Malen. Die TeilnehmerInnen werden durch \u00dcbungssequenzen schrittweise an gestalterische Prozesse im Bildraum herangef\u00fchrt.<br \/>\n<a href=\"https:\/\/www.ateliertinastein.de\/\">www.ateliertinastein.de<\/a>, +49 6806 994 1730<\/p>\n<p><strong>Designb\u00fcro\u00a0&#8211; rinckdesign | Holleck-Weithmann<\/strong><br \/>\nWir sind eine kreative B\u00fcrogemeinschaft von zwei Dipl. Designer*innen. Helge Rinck arbeitet im Bereich Produktdesign, Visualisierung und Architekturmodelbau, Cornelia Holleck-Weithmann gestaltet Webauftritte, Grafiken und Textilien. Gerne vernetzen wir uns oder kommen ins Gespr\u00e4ch.<br \/>\n<a href=\"https:\/\/rinck-design.de\/\" target=\"_blank\" rel=\"noopener\">www.rinck-design.de<\/a> , +49 (0) 681 638344 |<br \/>\n<a href=\"https:\/\/cohowe.de\/\" target=\"_blank\" rel=\"noopener\">www.cohowe.de\u00a0<\/a> , +49 (0) 151 29427460<\/p>\n<p><strong>Frauennotruf Saarland<\/strong><br \/>\nWir beraten und begleiten Frauen, die von sexualisierter und\/oder h\u00e4uslicher Gewalt, Bedrohung und Stalking betroffen sind. Telefonisch, pers\u00f6nlich, auf Wunsch auch anonym.<br \/>\n<a href=\"https:\/\/www.frauennotruf-saarland.de\/\">www.frauennotruf-saarland.de<\/a>, +49 681 367 67<\/p>\n<p><strong>Kino achteinhalb<\/strong><br \/>\nDas Kino zeigt seit \u00fcber 20 Jahren Spiel- Dokumentar-, Kurz- und Experimentalfilme, Klassiker und Kinderkino, Filmreihen, Vortr\u00e4ge und Diskussionen mit G\u00e4sten haben ihren festen Platz im Programm.<br \/>\n<a href=\"https:\/\/www.kinoachteinhalb.de\/\">www.kinoachteinhalb.de<\/a>, +49 681 390 8880<\/p>\n<p><strong>Klangwerk, Studio f\u00fcr Musiktherapie<\/strong><br \/>\nNeben Klangmassagen und ganzheitlicher Entwicklungsf\u00f6rderung liegt der Schwerpunkt unserer Arbeit in der psychotherapeutischen Begleitung von Kindern, Jugendlichen und Erwachsenen.<br \/>\n<a href=\"http:\/\/www.klangwerk-musiktherapie.de\/#\">www.klangwerk-musiktherapie.de<\/a>, +49 681 910 4362<\/p>\n<p><strong>MMarcu<\/strong><br \/>\nIn der K\u00fcnstlerwerkstatt MMarcu finden vielf\u00e4ltige k\u00fcnstlerische und gestalterische T\u00e4tigkeiten statt &#8211; von der Malerei \u00fcber Fotografie bis zur Produktgestaltung und Herstellung auf Kundenwunsch.<br \/>\n<a href=\"http:\/\/www.mmarcu.de\/\">www.mmarcu.de<\/a>, +49 1577 452 2366<\/p>\n<p><strong>Saarbr\u00fccker Hefte e.V.<\/strong><br \/>\nDie saarl\u00e4ndische Zeitschrift f\u00fcr Kultur und Gesellschaft<br \/>\n<a href=\"https:\/\/saarbrueckerhefte.de\/\">www.saarbrueckerhefte.de<\/a>, +49 681 6865 6248<\/p>\n<p><strong>Saarl\u00e4ndisches Filmb\u00fcro e.V.<\/strong><br \/>\nAls grenz\u00fcberschreitende Kontaktstelle f\u00fcr die Film- kultur im Saarland und in der Gro\u00dfregion m\u00f6chte der Verein den kreativen Austausch zwischen verschiedenen Bereichen der Filmarbeit f\u00f6rdern.<br \/>\n<a href=\"https:\/\/www.filmbuero-saar.de\/\">www.filmbuero-saar.de<\/a>, +49 681 360 47<\/p>\n","protected":false},"excerpt":{"rendered":"<p>\u00a0\u00a0\u00a0\u00a0\u00a0\u00a0\u00a0\u00a0\u00a0\u00a0\u00a0\u00a0\u00a0\u00a0\u00a0\u00a0\u00a0\u00a0\u00a0\u00a0\u00a0\u00a0\u00a0\u00a0\u00a0\u00a0\u00a0\u00a0\u00a0\u00a0\u00a0\u00a0 &nbsp; Aids-Hilfe Saar Die Aids-Hilfe Saar e.V. ber\u00e4t und unterst\u00fctzt Menschen mit HIV\/Aids und anderen sexuell \u00fcbertragbaren Erkrankungen. www.aidshilfesaar.de, +49 681 311 12 Atelier Tina Stein &#8211; Malerei Erwachsene erlernen experimentelles, prozesshaftes, vorwiegend abstraktes Malen. Die TeilnehmerInnen werden durch \u00dcbungssequenzen schrittweise an gestalterische Prozesse im Bildraum herangef\u00fchrt. www.ateliertinastein.de, +49 6806 994 1730 Designb\u00fcro\u00a0&#8211; rinckdesign &hellip; <\/p>\n<p class=\"link-more\"><a href=\"https:\/\/www.nauwieser19.de\/index.php\/ansaessige-betriebe-und-projekte\/\" class=\"more-link\"><span class=\"screen-reader-text\">\u201eAns\u00e4ssige Betriebe und Projekte\u201c<\/span> weiterlesen<\/a><\/p>\n","protected":false},"author":2,"featured_media":0,"parent":0,"menu_order":0,"comment_status":"closed","ping_status":"closed","template":"","meta":[],"publishpress_future_action":{"enabled":false,"date":"1970-01-01 01:00:00","action":"","terms":[],"taxonomy":"","browser_timezone_offset":0},"_links":{"self":[{"href":"https:\/\/www.nauwieser19.de\/index.php\/wp-json\/wp\/v2\/pages\/14"}],"collection":[{"href":"https:\/\/www.nauwieser19.de\/index.php\/wp-json\/wp\/v2\/pages"}],"about":[{"href":"https:\/\/www.nauwieser19.de\/index.php\/wp-json\/wp\/v2\/types\/page"}],"author":[{"embeddable":true,"href":"https:\/\/www.nauwieser19.de\/index.php\/wp-json\/wp\/v2\/users\/2"}],"replies":[{"embeddable":true,"href":"https:\/\/www.nauwieser19.de\/index.php\/wp-json\/wp\/v2\/comments?post=14"}],"version-history":[{"count":23,"href":"https:\/\/www.nauwieser19.de\/index.php\/wp-json\/wp\/v2\/pages\/14\/revisions"}],"predecessor-version":[{"id":1378,"href":"https:\/\/www.nauwieser19.de\/index.php\/wp-json\/wp\/v2\/pages\/14\/revisions\/1378"}],"wp:attachment":[{"href":"https:\/\/www.nauwieser19.de\/index.php\/wp-json\/wp\/v2\/media?parent=14"}],"curies":[{"name":"wp","href":"https:\/\/api.w.org\/{rel}","templated":true}]}}