{"id":29,"date":"2017-08-23T15:15:00","date_gmt":"2017-08-23T13:15:00","guid":{"rendered":"http:\/\/www.nauwieser19.de\/?page_id=29"},"modified":"2026-03-31T20:32:25","modified_gmt":"2026-03-31T18:32:25","slug":"aktuelles","status":"publish","type":"page","link":"https:\/\/www.nauwieser19.de\/","title":{"rendered":"Aktuelles"},"content":{"rendered":"<p>R\u00e4ume im Kultur- und Werkhof frei &#8211;<br \/>\nneue Mitglieder der Hofgemeinschaft gesucht!<\/p>\n<p>Der Nauwieser 19 e.V. sucht neue Mieter:innen f\u00fcr attraktive R\u00e4ume im sch\u00f6nen, begr\u00fcnten Innenhof des Kultur- und Werkhofs.<\/p>\n<p>Es handelt sich um den Verkaufsraum des ehemaligen Fahrradladens in der Nauwieserstra\u00dfe 19 in Saarbr\u00fccken.<\/p>\n<p>Der im Erdgeschoss liegende Raum ist \u00fcber vier Treppenstufen erreichbar. Zusammen mit einem angrenzenden kleinen Raum ist er\u00a0 geeignet als Ladenlokal, Werkstatt, B\u00fcro etc.<\/p>\n<p>Die\u00a0 gesamte Fl\u00e4che betr\u00e4gt 103 qm.<br \/>\nDie Kaltmiete betr\u00e4gt 6,- Euro\/qm monatlich.<\/p>\n<p>Voraussetzung f\u00fcr die Anmietung ist die aktive Mitgliedschaft in der selbstverwalteten Hofgemeinschaft des Vereins Nauwieser19 e. V., die unter anderem die Teilnahme an den w\u00f6chentlichen Plena (Montagvormittag) beinhaltet, bei denen alle Belange des Kultur- und Werkhofs in baulicher, finanzieller und soziokultureller Hinsicht demokratisch besprochen und geplant werden.<\/p>\n<p><strong>Bewerbungen bitte an: info@nauwieser19.de<\/strong><\/p>\n<div id='gallery-1' class='gallery galleryid-29 gallery-columns-2 gallery-size-large'><figure class='gallery-item'>\n\t\t\t<div class='gallery-icon portrait'>\n\t\t\t\t<a href='https:\/\/www.nauwieser19.de\/nnwp472\/wp-content\/uploads\/2026\/02\/WhatsApp-Image-2026-02-24-at-09.52.58.jpeg'><img width=\"525\" height=\"695\" src=\"https:\/\/www.nauwieser19.de\/nnwp472\/wp-content\/uploads\/2026\/02\/WhatsApp-Image-2026-02-24-at-09.52.58-774x1024.jpeg\" class=\"attachment-large size-large\" alt=\"\" decoding=\"async\" loading=\"lazy\" srcset=\"https:\/\/www.nauwieser19.de\/nnwp472\/wp-content\/uploads\/2026\/02\/WhatsApp-Image-2026-02-24-at-09.52.58-774x1024.jpeg 774w, https:\/\/www.nauwieser19.de\/nnwp472\/wp-content\/uploads\/2026\/02\/WhatsApp-Image-2026-02-24-at-09.52.58-227x300.jpeg 227w, https:\/\/www.nauwieser19.de\/nnwp472\/wp-content\/uploads\/2026\/02\/WhatsApp-Image-2026-02-24-at-09.52.58-768x1016.jpeg 768w, https:\/\/www.nauwieser19.de\/nnwp472\/wp-content\/uploads\/2026\/02\/WhatsApp-Image-2026-02-24-at-09.52.58-1161x1536.jpeg 1161w, https:\/\/www.nauwieser19.de\/nnwp472\/wp-content\/uploads\/2026\/02\/WhatsApp-Image-2026-02-24-at-09.52.58.jpeg 1228w\" sizes=\"100vw\" \/><\/a>\n\t\t\t<\/div><\/figure><figure class='gallery-item'>\n\t\t\t<div class='gallery-icon landscape'>\n\t\t\t\t<a href='https:\/\/www.nauwieser19.de\/nnwp472\/wp-content\/uploads\/2026\/02\/nn-laden-7.jpg'><img width=\"525\" height=\"355\" src=\"https:\/\/www.nauwieser19.de\/nnwp472\/wp-content\/uploads\/2026\/02\/nn-laden-7.jpg\" class=\"attachment-large size-large\" alt=\"Laden \/ Raum in Nauwieser 19\" decoding=\"async\" loading=\"lazy\" srcset=\"https:\/\/www.nauwieser19.de\/nnwp472\/wp-content\/uploads\/2026\/02\/nn-laden-7.jpg 800w, https:\/\/www.nauwieser19.de\/nnwp472\/wp-content\/uploads\/2026\/02\/nn-laden-7-300x203.jpg 300w, https:\/\/www.nauwieser19.de\/nnwp472\/wp-content\/uploads\/2026\/02\/nn-laden-7-768x519.jpg 768w\" sizes=\"100vw\" \/><\/a>\n\t\t\t<\/div><\/figure><figure class='gallery-item'>\n\t\t\t<div class='gallery-icon landscape'>\n\t\t\t\t<a href='https:\/\/www.nauwieser19.de\/nnwp472\/wp-content\/uploads\/2026\/02\/nn-laden-5.jpg'><img width=\"525\" height=\"355\" src=\"https:\/\/www.nauwieser19.de\/nnwp472\/wp-content\/uploads\/2026\/02\/nn-laden-5.jpg\" class=\"attachment-large size-large\" alt=\"Laden \/ Raum in Nauwieser 19\" decoding=\"async\" loading=\"lazy\" srcset=\"https:\/\/www.nauwieser19.de\/nnwp472\/wp-content\/uploads\/2026\/02\/nn-laden-5.jpg 800w, https:\/\/www.nauwieser19.de\/nnwp472\/wp-content\/uploads\/2026\/02\/nn-laden-5-300x203.jpg 300w, https:\/\/www.nauwieser19.de\/nnwp472\/wp-content\/uploads\/2026\/02\/nn-laden-5-768x519.jpg 768w\" sizes=\"100vw\" \/><\/a>\n\t\t\t<\/div><\/figure><figure class='gallery-item'>\n\t\t\t<div class='gallery-icon landscape'>\n\t\t\t\t<a href='https:\/\/www.nauwieser19.de\/nnwp472\/wp-content\/uploads\/2026\/02\/nn-laden-1.jpg'><img width=\"525\" height=\"355\" src=\"https:\/\/www.nauwieser19.de\/nnwp472\/wp-content\/uploads\/2026\/02\/nn-laden-1.jpg\" class=\"attachment-large size-large\" alt=\"Laden \/ Raum in Nauwieser 19\" decoding=\"async\" loading=\"lazy\" srcset=\"https:\/\/www.nauwieser19.de\/nnwp472\/wp-content\/uploads\/2026\/02\/nn-laden-1.jpg 800w, https:\/\/www.nauwieser19.de\/nnwp472\/wp-content\/uploads\/2026\/02\/nn-laden-1-300x203.jpg 300w, https:\/\/www.nauwieser19.de\/nnwp472\/wp-content\/uploads\/2026\/02\/nn-laden-1-768x519.jpg 768w\" sizes=\"100vw\" \/><\/a>\n\t\t\t<\/div><\/figure><figure class='gallery-item'>\n\t\t\t<div class='gallery-icon landscape'>\n\t\t\t\t<a href='https:\/\/www.nauwieser19.de\/nnwp472\/wp-content\/uploads\/2026\/02\/nn-laden-8.jpg'><img width=\"525\" height=\"355\" src=\"https:\/\/www.nauwieser19.de\/nnwp472\/wp-content\/uploads\/2026\/02\/nn-laden-8.jpg\" class=\"attachment-large size-large\" alt=\"Laden \/ Raum in Nauwieser 19\" decoding=\"async\" loading=\"lazy\" srcset=\"https:\/\/www.nauwieser19.de\/nnwp472\/wp-content\/uploads\/2026\/02\/nn-laden-8.jpg 800w, https:\/\/www.nauwieser19.de\/nnwp472\/wp-content\/uploads\/2026\/02\/nn-laden-8-300x203.jpg 300w, https:\/\/www.nauwieser19.de\/nnwp472\/wp-content\/uploads\/2026\/02\/nn-laden-8-768x519.jpg 768w\" sizes=\"100vw\" \/><\/a>\n\t\t\t<\/div><\/figure><figure class='gallery-item'>\n\t\t\t<div class='gallery-icon landscape'>\n\t\t\t\t<a href='https:\/\/www.nauwieser19.de\/nnwp472\/wp-content\/uploads\/2026\/02\/nn-laden-2.jpg'><img width=\"525\" height=\"355\" src=\"https:\/\/www.nauwieser19.de\/nnwp472\/wp-content\/uploads\/2026\/02\/nn-laden-2.jpg\" class=\"attachment-large size-large\" alt=\"Laden \/ Raum in Nauwieser 19\" decoding=\"async\" loading=\"lazy\" srcset=\"https:\/\/www.nauwieser19.de\/nnwp472\/wp-content\/uploads\/2026\/02\/nn-laden-2.jpg 800w, https:\/\/www.nauwieser19.de\/nnwp472\/wp-content\/uploads\/2026\/02\/nn-laden-2-300x203.jpg 300w, https:\/\/www.nauwieser19.de\/nnwp472\/wp-content\/uploads\/2026\/02\/nn-laden-2-768x519.jpg 768w\" sizes=\"100vw\" \/><\/a>\n\t\t\t<\/div><\/figure><figure class='gallery-item'>\n\t\t\t<div class='gallery-icon portrait'>\n\t\t\t\t<a href='https:\/\/www.nauwieser19.de\/nnwp472\/wp-content\/uploads\/2026\/02\/WhatsApp-Image-2026-02-24-at-09.52.581.jpeg'><img width=\"525\" height=\"711\" src=\"https:\/\/www.nauwieser19.de\/nnwp472\/wp-content\/uploads\/2026\/02\/WhatsApp-Image-2026-02-24-at-09.52.581-756x1024.jpeg\" class=\"attachment-large size-large\" alt=\"\" decoding=\"async\" loading=\"lazy\" srcset=\"https:\/\/www.nauwieser19.de\/nnwp472\/wp-content\/uploads\/2026\/02\/WhatsApp-Image-2026-02-24-at-09.52.581-756x1024.jpeg 756w, https:\/\/www.nauwieser19.de\/nnwp472\/wp-content\/uploads\/2026\/02\/WhatsApp-Image-2026-02-24-at-09.52.581-222x300.jpeg 222w, https:\/\/www.nauwieser19.de\/nnwp472\/wp-content\/uploads\/2026\/02\/WhatsApp-Image-2026-02-24-at-09.52.581-768x1040.jpeg 768w, https:\/\/www.nauwieser19.de\/nnwp472\/wp-content\/uploads\/2026\/02\/WhatsApp-Image-2026-02-24-at-09.52.581.jpeg 1028w\" sizes=\"100vw\" \/><\/a>\n\t\t\t<\/div><\/figure><figure class='gallery-item'>\n\t\t\t<div class='gallery-icon portrait'>\n\t\t\t\t<a href='https:\/\/www.nauwieser19.de\/nnwp472\/wp-content\/uploads\/2026\/02\/WhatsApp-Image-2026-02-24-at-09.52.591.jpeg'><img width=\"525\" height=\"700\" src=\"https:\/\/www.nauwieser19.de\/nnwp472\/wp-content\/uploads\/2026\/02\/WhatsApp-Image-2026-02-24-at-09.52.591-768x1024.jpeg\" class=\"attachment-large size-large\" alt=\"\" decoding=\"async\" loading=\"lazy\" srcset=\"https:\/\/www.nauwieser19.de\/nnwp472\/wp-content\/uploads\/2026\/02\/WhatsApp-Image-2026-02-24-at-09.52.591-768x1024.jpeg 768w, https:\/\/www.nauwieser19.de\/nnwp472\/wp-content\/uploads\/2026\/02\/WhatsApp-Image-2026-02-24-at-09.52.591-225x300.jpeg 225w, https:\/\/www.nauwieser19.de\/nnwp472\/wp-content\/uploads\/2026\/02\/WhatsApp-Image-2026-02-24-at-09.52.591-1152x1536.jpeg 1152w, https:\/\/www.nauwieser19.de\/nnwp472\/wp-content\/uploads\/2026\/02\/WhatsApp-Image-2026-02-24-at-09.52.591.jpeg 1536w\" sizes=\"100vw\" \/><\/a>\n\t\t\t<\/div><\/figure><figure class='gallery-item'>\n\t\t\t<div class='gallery-icon portrait'>\n\t\t\t\t<a href='https:\/\/www.nauwieser19.de\/nnwp472\/wp-content\/uploads\/2026\/02\/WhatsApp-Image-2026-02-24-at-09.52.592.jpeg'><img width=\"525\" height=\"700\" src=\"https:\/\/www.nauwieser19.de\/nnwp472\/wp-content\/uploads\/2026\/02\/WhatsApp-Image-2026-02-24-at-09.52.592-768x1024.jpeg\" class=\"attachment-large size-large\" alt=\"\" decoding=\"async\" loading=\"lazy\" srcset=\"https:\/\/www.nauwieser19.de\/nnwp472\/wp-content\/uploads\/2026\/02\/WhatsApp-Image-2026-02-24-at-09.52.592-768x1024.jpeg 768w, https:\/\/www.nauwieser19.de\/nnwp472\/wp-content\/uploads\/2026\/02\/WhatsApp-Image-2026-02-24-at-09.52.592-225x300.jpeg 225w, https:\/\/www.nauwieser19.de\/nnwp472\/wp-content\/uploads\/2026\/02\/WhatsApp-Image-2026-02-24-at-09.52.592-1152x1536.jpeg 1152w, https:\/\/www.nauwieser19.de\/nnwp472\/wp-content\/uploads\/2026\/02\/WhatsApp-Image-2026-02-24-at-09.52.592.jpeg 1536w\" sizes=\"100vw\" \/><\/a>\n\t\t\t<\/div><\/figure><figure class='gallery-item'>\n\t\t\t<div class='gallery-icon landscape'>\n\t\t\t\t<a href='https:\/\/www.nauwieser19.de\/nnwp472\/wp-content\/uploads\/2026\/02\/nn-laden-6.jpg'><img width=\"525\" height=\"355\" src=\"https:\/\/www.nauwieser19.de\/nnwp472\/wp-content\/uploads\/2026\/02\/nn-laden-6.jpg\" class=\"attachment-large size-large\" alt=\"Laden \/ Raum in Nauwieser 19\" decoding=\"async\" loading=\"lazy\" srcset=\"https:\/\/www.nauwieser19.de\/nnwp472\/wp-content\/uploads\/2026\/02\/nn-laden-6.jpg 800w, https:\/\/www.nauwieser19.de\/nnwp472\/wp-content\/uploads\/2026\/02\/nn-laden-6-300x203.jpg 300w, https:\/\/www.nauwieser19.de\/nnwp472\/wp-content\/uploads\/2026\/02\/nn-laden-6-768x519.jpg 768w\" sizes=\"100vw\" \/><\/a>\n\t\t\t<\/div><\/figure>\n\t\t<\/div>\n\n<p>Unser Programm im April:<\/p>\n<p><strong>Handarbeitstreffen<\/strong><br \/>\nMittwoch, 01.04., 08.04.,22.04., und 29.04.2026 von 15.00 bis 18.00 Uhr<\/p>\n<p>Stricken, h\u00e4keln, n\u00e4hen, stopfen, Ideen austauschen&#8230;<br \/>\nOffenes Treffen, kein Handarbeits- oder N\u00e4hkurs.<br \/>\nN\u00e4hmaschinen, B\u00fcgeleisen etc. stehen zur Verf\u00fcgung.<\/p>\n<p>Passionierte Handarbeiter:innen sind ebenso willkommen wie alle, die von anderen lernen m\u00f6chten.<\/p>\n<p>Am 15.04. f\u00e4llt das Handarbeiten aus!<\/p>\n<hr \/>\n<p><strong>Hausmusik im N.N. \u2013 Singen nur zum Spa\u00df!<br \/>\n<\/strong>Donnerstag, 09.04.2026, 19.00 Uhr<\/p>\n<p>Wir singen Volkslieder, Folksongs, Schlager, Chansons u.a.<\/p>\n<p>Begleitung: Trio WIR<br \/>\nWalter Guth (Gitarre), Ingrid Kraus (Akkordeon), Richard Pfeifer (Violine)<\/p>\n<p>Jede:r kann mitsingen!!<\/p>\n<p>Weitere Instrumente sind willkommen.<\/p>\n<hr \/>\n<p><strong>Boule<br \/>\n<\/strong>Freitag, 10.04., 17.04., 24.4.2026, 16 Uhr<\/p>\n<p>Bouleplatz Bruchwiese.<br \/>\nBei trockenem Wetter!<\/p>\n<hr \/>\n<p><strong>Spiele-Abend <\/strong><br \/>\n<strong>Doppelkopf \u2013 (R\u00e4uber-)Romm\u00e9 \u2013 Canasta<\/strong><\/p>\n<p>Samstag, 11.04., 18.04. sowie am Freitag, 24.04.2026 um 19.30 Uhr<\/p>\n<p>Im Versammlungsraum, Hintergeb\u00e4ude, Zwischenetage.<\/p>\n<hr \/>\n<p><strong>Erz\u00e4hlcaf\u00e9<\/strong><br \/>\nMontag, 13.04.2026 von 14.30 bis 16.30 Uhr<\/p>\n<p>Wir laden zu einem geselligen Treffen bei Kaffee und Kuchen ein.<br \/>\nThema dieses Mal: Saarbr\u00fccker Gesch\u00e4fte im Wandel der Zeit.<\/p>\n<p>Das Erz\u00e4hlcaf\u00e9 findet in der Regel am 1. Montag im Monat statt.<\/p>\n<hr \/>\n<p><strong>Neue Brett- und Kartenspiele<\/strong><br \/>\nDonnerstag, 16.04.2026 von 17.00 bis 21.00 Uhr<\/p>\n<p>Von einfach bis schwer, kooperativ und gegeneinander, Spiele des Jahres und<br \/>\nspannende Neuentdeckungen.<br \/>\nWir spielen mit Lust am T\u00fcfteln und viel Spa\u00df!<\/p>\n<p>Eine Auswahl an Spielen ist immer vorhanden. Eigene Spiele k\u00f6nnen gern<br \/>\nmitgebracht werden.<\/p>\n<hr \/>\n<p><strong>Nachbarschaftsflohmarkt auf dem Max-Oph\u00fcls-Platz<\/strong><br \/>\nSamstag, 18.04.2026, von 10.00 bis 18.00 Uhr<\/p>\n<p>Der Kultur- und Werkhof Nauwieser 19 l\u00e4dt gemeinsam mit der Gruppe DIE FLOHMARKTFREUNDE zum St\u00f6bern, Feilschen und Plaudern auf den Max- ph\u00fcls-Platz ein.<\/p>\n<p>Die Teilnahme ist nur m\u00f6glich nach Bewerbung um einen Standplatz und einer Zusage. Anmeldungen f\u00fcr einen Standplatz ab dem 22.03. und bis zum 11.04.2026 an nachbarschaftsflohmarkt@nauwieser19.de<\/p>\n<p>Sp\u00e4ter eingehende Bewerbungen werden nicht ber\u00fccksichtigt. Zu- bzw. Absagen werden am Montag, 14.04. verschickt.<\/p>\n<p>Bewohner:innen aus dem Nauwieser Viertel und seiner direkten Umgebung haben Vorrang bei der Platzvergabe.<\/p>\n<p>Weitere Infos: https:\/\/www.nauwieser19.de\/index.php\/nachbarschaftsflohmarkt\/<\/p>\n<p>Wir bedanken uns bei Bezirksb\u00fcrgermeister Thomas Emser f\u00fcr die<br \/>\nSchirmherrschaft!<\/p>\n<hr \/>\n<p><strong>Reparaturcaf\u00e9<\/strong><br \/>\nMontag, 20.04.2026 von 15.00 bis 18.00 Uhr<\/p>\n<p>Wir unterst\u00fctzen bei der Reparatur kleiner Ger\u00e4te und reparaturbed\u00fcrftige Textilien.<\/p>\n<hr \/>\n<p><strong>Blood on the Clocktower<\/strong><br \/>\nMittwoch, 22.04.2026 von 19.00 bis 22.00 Uhr<\/p>\n<p>Ein D\u00e4mon treibt sein Unwesen in Rabenholz. Nachts t\u00f6tet er und tags\u00fcber nimmt er Menschengestalt an. Findet den D\u00e4mon, bevor er das Dorf vernichtet &#8211; oder vernichtet das Dorf, wenn ihr zum b\u00f6sen Team geh\u00f6rt. In diesem Werwolf-\u00e4hnlichen Spiel hat jede:r Spieler:in eine besondere, einzigartige Rolle und spielt bis zum Spielende aktiv mit. Nach einer kurzen Einf\u00fchrung kann jede:r ohne Vorkenntnisse sofort mitspielen. Im Gegensatz zu Werwolf liegt hier der Fokus auf logischem Schlussfolgern f\u00fcr das gute Team und gezieltem Streuen von Fehlinformationen f\u00fcr das b\u00f6se Team. Ein Mindestalter von 14 Jahren wird deshalb empfohlen.<\/p>\n<hr \/>\n<p><strong>Musikzeit spezial: \u201eWem hamse die Krone jeklaut?\u201c<\/strong><br \/>\nMittwoch, 29.04.2026, 19.00 Uhr<\/p>\n<p>Wir singen und besprechen freche Volkslieder von unten aus \u201eden fielen deutschen Landen\u201c.\u00a0 Mal vertr\u00e4umt, mal voller Spott mit viel Sympathie f\u00fcr Taugenichtse, Deserteure, Liebende und Vaterlandsverrat.<\/p>\n<hr \/>\n<p><strong>Frauendisco mit Ela &#8211; Tanz in die Hexennacht<br \/>\n<\/strong>Donnerstag, 30.04.2026, von 18.30 bis 22.00 Uhr<\/p>\n<p>Wir tanzen in die Hexennacht zu Hits der 70er und 80er Jahre (englisch und deutsch)!<\/p>\n<hr \/>\n<p>Wenn nicht anders angegeben, finden die Veranstaltungen im N.N. Nauwieser 19 statt (Vordergeb\u00e4ude des Kultur- und Werkhofs Nauwieser 19, Erdgeschoss, Eingang von der Stra\u00dfe aus).<\/p>\n<p>\u00c4nderungen vorbehalten.<\/p>\n<p>Der Eintritt zu allen Veranstaltungen ist frei. Kleine Spende f\u00fcr Material etc. erw\u00fcnscht.<\/p>\n<p>Weitere Informationen: info@nauwieser19.de<\/p>\n<p>Die Veranstaltungen des Kultur- und Werkhofs Nauwieser 19 im Rahmen der Stadtteilkulturarbeit werden gef\u00f6rdert<br \/>\nvom Amt f\u00fcr Gesundheit, Pr\u00e4vention und Soziales der Landeshauptstadt<br \/>\nSaarbr\u00fccken.<\/p>\n","protected":false},"excerpt":{"rendered":"<p>R\u00e4ume im Kultur- und Werkhof frei &#8211; neue Mitglieder der Hofgemeinschaft gesucht! Der Nauwieser 19 e.V. sucht neue Mieter:innen f\u00fcr attraktive R\u00e4ume im sch\u00f6nen, begr\u00fcnten Innenhof des Kultur- und Werkhofs. Es handelt sich um den Verkaufsraum des ehemaligen Fahrradladens in der Nauwieserstra\u00dfe 19 in Saarbr\u00fccken. Der im Erdgeschoss liegende Raum ist \u00fcber vier Treppenstufen erreichbar. &hellip; <\/p>\n<p class=\"link-more\"><a href=\"https:\/\/www.nauwieser19.de\/\" class=\"more-link\"><span class=\"screen-reader-text\">\u201eAktuelles\u201c<\/span> weiterlesen<\/a><\/p>\n","protected":false},"author":2,"featured_media":0,"parent":0,"menu_order":0,"comment_status":"closed","ping_status":"closed","template":"","meta":[],"publishpress_future_action":{"enabled":false,"date":"1970-01-01 01:00:00","action":"","terms":[],"taxonomy":"","browser_timezone_offset":0},"_links":{"self":[{"href":"https:\/\/www.nauwieser19.de\/index.php\/wp-json\/wp\/v2\/pages\/29"}],"collection":[{"href":"https:\/\/www.nauwieser19.de\/index.php\/wp-json\/wp\/v2\/pages"}],"about":[{"href":"https:\/\/www.nauwieser19.de\/index.php\/wp-json\/wp\/v2\/types\/page"}],"author":[{"embeddable":true,"href":"https:\/\/www.nauwieser19.de\/index.php\/wp-json\/wp\/v2\/users\/2"}],"replies":[{"embeddable":true,"href":"https:\/\/www.nauwieser19.de\/index.php\/wp-json\/wp\/v2\/comments?post=29"}],"version-history":[{"count":629,"href":"https:\/\/www.nauwieser19.de\/index.php\/wp-json\/wp\/v2\/pages\/29\/revisions"}],"predecessor-version":[{"id":1428,"href":"https:\/\/www.nauwieser19.de\/index.php\/wp-json\/wp\/v2\/pages\/29\/revisions\/1428"}],"wp:attachment":[{"href":"https:\/\/www.nauwieser19.de\/index.php\/wp-json\/wp\/v2\/media?parent=29"}],"curies":[{"name":"wp","href":"https:\/\/api.w.org\/{rel}","templated":true}]}}